{"id":9,"date":"2023-02-12T09:14:23","date_gmt":"2023-02-12T09:14:23","guid":{"rendered":"https:\/\/blogg.online247.no\/?page_id=9"},"modified":"2023-02-12T11:54:02","modified_gmt":"2023-02-12T11:54:02","slug":"about","status":"publish","type":"page","link":"https:\/\/blogg.online247.no\/index.php\/about\/","title":{"rendered":"Litt om meg"},"content":{"rendered":"\n<p>Jobber som IT-konsulent i V\u00e5ler kommune, Innlandet. Interesserer meg for mangt og mye, skrive litt, foto, web\u2026og kan litt om\u2026mye..:-) Trening er bra og sykkel er digg \ud83d\ude42 Vitebegj\u00e6ret og nysgjerrigheten er stor! Bor p\u00e5 et sm\u00e5bruk i \u00c5snes kommune. <\/p>\n","protected":false},"excerpt":{"rendered":"<p>Jobber som IT-konsulent i V\u00e5ler kommune, Innlandet. Interesserer meg for mangt og mye, skrive litt, foto, web\u2026og kan litt om\u2026mye..:-) Trening er bra og sykkel er digg \ud83d\ude42 Vitebegj\u00e6ret og nysgjerrigheten er stor! Bor p\u00e5 et sm\u00e5bruk i \u00c5snes kommune.<\/p>\n","protected":false},"author":1,"featured_media":56,"parent":0,"menu_order":0,"comment_status":"closed","ping_status":"closed","template":"","meta":[],"_links":{"self":[{"href":"https:\/\/blogg.online247.no\/index.php\/wp-json\/wp\/v2\/pages\/9"}],"collection":[{"href":"https:\/\/blogg.online247.no\/index.php\/wp-json\/wp\/v2\/pages"}],"about":[{"href":"https:\/\/blogg.online247.no\/index.php\/wp-json\/wp\/v2\/types\/page"}],"author":[{"embeddable":true,"href":"https:\/\/blogg.online247.no\/index.php\/wp-json\/wp\/v2\/users\/1"}],"replies":[{"embeddable":true,"href":"https:\/\/blogg.online247.no\/index.php\/wp-json\/wp\/v2\/comments?post=9"}],"version-history":[{"count":4,"href":"https:\/\/blogg.online247.no\/index.php\/wp-json\/wp\/v2\/pages\/9\/revisions"}],"predecessor-version":[{"id":60,"href":"https:\/\/blogg.online247.no\/index.php\/wp-json\/wp\/v2\/pages\/9\/revisions\/60"}],"wp:featuredmedia":[{"embeddable":true,"href":"https:\/\/blogg.online247.no\/index.php\/wp-json\/wp\/v2\/media\/56"}],"wp:attachment":[{"href":"https:\/\/blogg.online247.no\/index.php\/wp-json\/wp\/v2\/media?parent=9"}],"curies":[{"name":"wp","href":"https:\/\/api.w.org\/{rel}","templated":true}]}}